{"id":136,"date":"2011-03-12T20:11:13","date_gmt":"2011-03-12T19:11:13","guid":{"rendered":"http:\/\/elforodegares.com\/?page_id=136"},"modified":"2011-04-22T11:54:49","modified_gmt":"2011-04-22T09:54:49","slug":"programa-agrupacion-puentesina-2-007","status":"publish","type":"page","link":"https:\/\/elforodegares.com\/?page_id=136","title":{"rendered":"PROMESAS ELECTORALES"},"content":{"rendered":"<p>Pretend\u00edamos iniciar esta Nueva Pagina con la consideraci\u00f3n de los diferentes Programas Electorales \u00a0de los Grupos Municipales, viendo algunos de sus extremos, y ello antes de que por los mismos y sin\u00a0ning\u00fan\u00a0rubor ni\u00a0auto-critica, nos dieran por realizado lo prometido o achaquen a otros su ineficacia.<\/p>\n<p>Pero la imposibilidad de conseguir la totalidad de Programas (s\u00f3lo la Agrupaci\u00f3n Puentesina ha tenido la valent\u00eda de mantenerlo accesible), hace que la consideraciones de las Promesas lo hagamos de diversos comentarios, publicaciones, manifestaciones, etc. \u00a0que hayan podido hacer nuestros Concejales en los diversos medios.<\/p>\n<p>En varios de los diferentes comentarios hemos contado con la colaboraci\u00f3n de la anterior Alcaldesa y del Ex-Secretario de Puente.<\/p>\n<p><strong>AGRUPACI\u00d3N\u00a0PUENTESINA<\/strong><\/p>\n<ul>\n<li><strong><a href=\"http:\/\/elforodegares.com\/wp-content\/uploads\/2011\/03\/Agricultura.pdf\">Agricultura<\/a><\/strong><\/li>\n<li><strong><a href=\"http:\/\/elforodegares.com\/wp-content\/uploads\/2011\/03\/Comercio-y-Turismo.pdf\">Comercio y Turismo<\/a><\/strong><\/li>\n<li><strong><a href=\"http:\/\/elforodegares.com\/wp-content\/uploads\/2011\/03\/Deporte-Cultura-etc....pdf\">Deporte, Cultura, etc&#8230;<\/a><\/strong><\/li>\n<li><strong><a href=\"http:\/\/elforodegares.com\/wp-content\/uploads\/2011\/03\/Educaci\u00f3n-y-Escuela-de-M\u00fasica1.pdf\">Educaci\u00f3n y Escuela de M\u00fasica<\/a><br \/>\n<\/strong><\/li>\n<li><strong><a href=\"http:\/\/elforodegares.com\/wp-content\/uploads\/2011\/03\/Hacienda.pdf\">Hacienda<\/a><\/strong><\/li>\n<li><strong><a href=\"http:\/\/elforodegares.com\/wp-content\/uploads\/2011\/03\/Industria.pdf\">Industria<\/a><\/strong><\/li>\n<li><strong><a href=\"http:\/\/elforodegares.com\/wp-content\/uploads\/2011\/03\/Medio-Ambiente.pdf\"><\/a><a href=\"http:\/\/elforodegares.com\/wp-content\/uploads\/2011\/03\/Medio-Ambiente1.pdf\">Medio Ambiente<\/a><\/strong><\/li>\n<li><strong><a href=\"http:\/\/elforodegares.com\/wp-content\/uploads\/2011\/03\/Sanidad.pdf\">Sanidad<\/a><\/strong><\/li>\n<li><strong><a href=\"http:\/\/elforodegares.com\/wp-content\/uploads\/2011\/03\/Urbanismo1.pdf\">Urbanismo<\/a><\/strong><\/li>\n<\/ul>\n<p><strong>AGRUPACI\u00d3N XIMENEZ DE RADA<\/strong><\/p>\n<ul>\n<li><strong><a href=\"http:\/\/elforodegares.com\/wp-content\/uploads\/2011\/03\/XR-IDEAS-PRINCIPALES-PARA-EL-PROGRAMA.pdf\">IDEAS PRINCIPALES PARA EL PROGRAMA<\/a><\/strong><\/li>\n<\/ul>\n<p>\ufeff\ufeff<\/p>\n","protected":false},"excerpt":{"rendered":"<p>Pretend\u00edamos iniciar esta Nueva Pagina con la consideraci\u00f3n de los diferentes Programas Electorales \u00a0de los Grupos Municipales, viendo algunos de sus extremos, y ello antes de que por los mismos y sin\u00a0ning\u00fan\u00a0rubor ni\u00a0auto-critica, nos dieran por realizado lo prometido o &hellip; <a href=\"https:\/\/elforodegares.com\/?page_id=136\">Sigue leyendo <span class=\"meta-nav\">&rarr;<\/span><\/a><\/p>\n","protected":false},"author":1,"featured_media":0,"parent":0,"menu_order":2,"comment_status":"open","ping_status":"open","template":"","meta":{"footnotes":""},"class_list":["post-136","page","type-page","status-publish","hentry"],"_links":{"self":[{"href":"https:\/\/elforodegares.com\/index.php?rest_route=\/wp\/v2\/pages\/136","targetHints":{"allow":["GET"]}}],"collection":[{"href":"https:\/\/elforodegares.com\/index.php?rest_route=\/wp\/v2\/pages"}],"about":[{"href":"https:\/\/elforodegares.com\/index.php?rest_route=\/wp\/v2\/types\/page"}],"author":[{"embeddable":true,"href":"https:\/\/elforodegares.com\/index.php?rest_route=\/wp\/v2\/users\/1"}],"replies":[{"embeddable":true,"href":"https:\/\/elforodegares.com\/index.php?rest_route=%2Fwp%2Fv2%2Fcomments&post=136"}],"version-history":[{"count":30,"href":"https:\/\/elforodegares.com\/index.php?rest_route=\/wp\/v2\/pages\/136\/revisions"}],"predecessor-version":[{"id":139,"href":"https:\/\/elforodegares.com\/index.php?rest_route=\/wp\/v2\/pages\/136\/revisions\/139"}],"wp:attachment":[{"href":"https:\/\/elforodegares.com\/index.php?rest_route=%2Fwp%2Fv2%2Fmedia&parent=136"}],"curies":[{"name":"wp","href":"https:\/\/api.w.org\/{rel}","templated":true}]}}