{"id":2,"date":"2011-01-31T18:58:19","date_gmt":"2011-01-31T18:58:19","guid":{"rendered":"http:\/\/elforodegares.com\/?page_id=2"},"modified":"2011-04-02T17:23:22","modified_gmt":"2011-04-02T16:23:22","slug":"acerca-de","status":"publish","type":"page","link":"https:\/\/elforodegares.com\/?page_id=2","title":{"rendered":"Acerca de esta P\u00e1gina"},"content":{"rendered":"<p>Se acercan las elecciones, nos enfrentamos a una nueva temporada de promesas, exculpaciones propias (siempre la culpa de lo malo la tiene otro) y de medallas injustificadas (s\u00f3lo yo consigo el logro, haya intervenido o no) a las que nos tienen ya m\u00e1s que acostumbrados los pol\u00edticos sean del signo que sean.<br \/>\nLa total ausencia de autocritica y de an\u00e1lisis de las promesas y programas anteriores son la raz\u00f3n con que nace este foro, en el que, desde las premisas del respeto, la veracidad y la objetividad tienen cabida todos los comentarios que cualquier persona interesada tanto por Puente la Reina\/Gares, como por\u00a0las localidades de la Mancomunidad de Valdizarbe.<br \/>\n\u00a1An\u00edmate a colaborar en que la Campa\u00f1a Electoral que se avecina no se reduzca a ver como los Grupos se arrojan porquer\u00eda mutuamente!, \u00a1Participa con tu opini\u00f3n, comentario, etc.!<br \/>\nEnero de 2.011<\/p>\n","protected":false},"excerpt":{"rendered":"<p>Se acercan las elecciones, nos enfrentamos a una nueva temporada de promesas, exculpaciones propias (siempre la culpa de lo malo la tiene otro) y de medallas injustificadas (s\u00f3lo yo consigo el logro, haya intervenido o no) a las que nos &hellip; <a href=\"https:\/\/elforodegares.com\/?page_id=2\">Sigue leyendo <span class=\"meta-nav\">&rarr;<\/span><\/a><\/p>\n","protected":false},"author":1,"featured_media":0,"parent":0,"menu_order":0,"comment_status":"open","ping_status":"open","template":"","meta":{"footnotes":""},"class_list":["post-2","page","type-page","status-publish","hentry"],"_links":{"self":[{"href":"https:\/\/elforodegares.com\/index.php?rest_route=\/wp\/v2\/pages\/2","targetHints":{"allow":["GET"]}}],"collection":[{"href":"https:\/\/elforodegares.com\/index.php?rest_route=\/wp\/v2\/pages"}],"about":[{"href":"https:\/\/elforodegares.com\/index.php?rest_route=\/wp\/v2\/types\/page"}],"author":[{"embeddable":true,"href":"https:\/\/elforodegares.com\/index.php?rest_route=\/wp\/v2\/users\/1"}],"replies":[{"embeddable":true,"href":"https:\/\/elforodegares.com\/index.php?rest_route=%2Fwp%2Fv2%2Fcomments&post=2"}],"version-history":[{"count":8,"href":"https:\/\/elforodegares.com\/index.php?rest_route=\/wp\/v2\/pages\/2\/revisions"}],"predecessor-version":[{"id":79,"href":"https:\/\/elforodegares.com\/index.php?rest_route=\/wp\/v2\/pages\/2\/revisions\/79"}],"wp:attachment":[{"href":"https:\/\/elforodegares.com\/index.php?rest_route=%2Fwp%2Fv2%2Fmedia&parent=2"}],"curies":[{"name":"wp","href":"https:\/\/api.w.org\/{rel}","templated":true}]}}